{"id":63,"date":"2021-12-25T22:46:38","date_gmt":"2021-12-25T19:46:38","guid":{"rendered":"https:\/\/www.kuzenplastik.com\/?page_id=63"},"modified":"2021-12-25T22:48:46","modified_gmt":"2021-12-25T19:48:46","slug":"hakkimizda","status":"publish","type":"page","link":"https:\/\/www.kuzenplastik.com\/index.php\/hakkimizda\/","title":{"rendered":"Hakk\u0131m\u0131zda"},"content":{"rendered":"\n<p>Ba\u015far\u0131l\u0131 bir yol izlememiz, \u00e7al\u0131\u015fanlar\u0131m\u0131za ve size vermi\u015f oldu\u011fumuz de\u011fer ve hizmetlerimizin sonucudur. Devaml\u0131l\u0131\u011f\u0131 sa\u011flayabilmek i\u00e7in sizin i\u00e7in daha \u00e7ok \u00e7al\u0131\u015f\u0131yor ve daha \u00e7ok mesai harcayarak, iyi bir hizmet sunmak i\u00e7in \u00e7abal\u0131yoruz.<\/p>\n\n\n\n<figure class=\"wp-block-image size-large\"><img decoding=\"async\" loading=\"lazy\" width=\"1024\" height=\"576\" src=\"https:\/\/www.kuzenplastik.com\/wp-content\/uploads\/2021\/12\/2-1-1024x576.jpeg\" alt=\"\" class=\"wp-image-67\" srcset=\"https:\/\/www.kuzenplastik.com\/wp-content\/uploads\/2021\/12\/2-1-1024x576.jpeg 1024w, https:\/\/www.kuzenplastik.com\/wp-content\/uploads\/2021\/12\/2-1-300x169.jpeg 300w, https:\/\/www.kuzenplastik.com\/wp-content\/uploads\/2021\/12\/2-1-768x432.jpeg 768w, https:\/\/www.kuzenplastik.com\/wp-content\/uploads\/2021\/12\/2-1-1536x864.jpeg 1536w, https:\/\/www.kuzenplastik.com\/wp-content\/uploads\/2021\/12\/2-1.jpeg 1920w\" sizes=\"(max-width: 1024px) 100vw, 1024px\" \/><\/figure>\n\n\n\n<p>Ba\u015falar\u0131lar\u0131m\u0131za ba\u015far\u0131 eklememiz daha fazla m\u00fc\u015fteri portf\u00f6y\u00fc olu\u015fturmam\u0131z, kalitemize kalite ve s\u00fcre\u00e7lerimizi iyi tutarak hizmetlerimizi \u00fcst seviyeye ta\u015f\u0131maktad\u0131r.<\/p>\n","protected":false},"excerpt":{"rendered":"<p>Ba\u015far\u0131l\u0131 bir yol izlememiz, \u00e7al\u0131\u015fanlar\u0131m\u0131za ve size vermi\u015f oldu\u011fumuz de\u011fer ve hizmetlerimizin sonucudur. Devaml\u0131l\u0131\u011f\u0131 sa\u011flayabilmek i\u00e7in sizin i\u00e7in daha \u00e7ok \u00e7al\u0131\u015f\u0131yor ve daha \u00e7ok mesai harcayarak, iyi bir hizmet sunmak i\u00e7in \u00e7abal\u0131yoruz. Ba\u015falar\u0131lar\u0131m\u0131za ba\u015far\u0131 eklememiz daha fazla m\u00fc\u015fteri portf\u00f6y\u00fc olu\u015fturmam\u0131z, kalitemize kalite ve s\u00fcre\u00e7lerimizi iyi tutarak hizmetlerimizi \u00fcst seviyeye ta\u015f\u0131maktad\u0131r.<\/p>\n","protected":false},"author":1,"featured_media":69,"parent":0,"menu_order":0,"comment_status":"closed","ping_status":"closed","template":"","meta":[],"_links":{"self":[{"href":"https:\/\/www.kuzenplastik.com\/index.php\/wp-json\/wp\/v2\/pages\/63"}],"collection":[{"href":"https:\/\/www.kuzenplastik.com\/index.php\/wp-json\/wp\/v2\/pages"}],"about":[{"href":"https:\/\/www.kuzenplastik.com\/index.php\/wp-json\/wp\/v2\/types\/page"}],"author":[{"embeddable":true,"href":"https:\/\/www.kuzenplastik.com\/index.php\/wp-json\/wp\/v2\/users\/1"}],"replies":[{"embeddable":true,"href":"https:\/\/www.kuzenplastik.com\/index.php\/wp-json\/wp\/v2\/comments?post=63"}],"version-history":[{"count":3,"href":"https:\/\/www.kuzenplastik.com\/index.php\/wp-json\/wp\/v2\/pages\/63\/revisions"}],"predecessor-version":[{"id":68,"href":"https:\/\/www.kuzenplastik.com\/index.php\/wp-json\/wp\/v2\/pages\/63\/revisions\/68"}],"wp:featuredmedia":[{"embeddable":true,"href":"https:\/\/www.kuzenplastik.com\/index.php\/wp-json\/wp\/v2\/media\/69"}],"wp:attachment":[{"href":"https:\/\/www.kuzenplastik.com\/index.php\/wp-json\/wp\/v2\/media?parent=63"}],"curies":[{"name":"wp","href":"https:\/\/api.w.org\/{rel}","templated":true}]}}