{"id":14,"date":"2021-12-25T14:18:51","date_gmt":"2021-12-25T11:18:51","guid":{"rendered":"https:\/\/kuzenplastik.com\/?page_id=14"},"modified":"2021-12-25T23:37:31","modified_gmt":"2021-12-25T20:37:31","slug":"contact","status":"publish","type":"page","link":"https:\/\/www.kuzenplastik.com\/index.php\/contact\/","title":{"rendered":"\u0130leti\u015fim"},"content":{"rendered":"\n<div class=\"wp-block-columns alignfull is-layout-flex wp-container-2\">\n<div class=\"wp-block-column is-layout-flow\">\n<div style=\"width: 100%\"><iframe loading=\"lazy\" width=\"100%\" height=\"400\" frameborder=\"0\" scrolling=\"no\" marginheight=\"0\" marginwidth=\"0\" src=\"https:\/\/www.google.com\/maps\/embed?pb=!1m14!1m8!1m3!1d12039.165576952868!2d28.9062548!3d41.0298196!3m2!1i1024!2i768!4f13.1!3m3!1m2!1s0x0%3A0xe8aa2a8a454bf11!2sKuzen%20Plastik%20San.Tic.Ltd.%C5%9Eti.!5e0!3m2!1sen!2str!4v1640464436328!5m2!1sen!2str\"><\/iframe><\/div>\n\n\n\n\n<p><\/p>\n<\/div>\n<\/div>\n\n\n\n<div class=\"wp-block-columns container is-layout-flex wp-container-9\">\n<div class=\"wp-block-column is-vertically-aligned-center is-layout-flow\">\n<h2 class=\"hestia-title wp-block-heading\">Bize bir mesaj g\u00f6nder.<\/h2>\n\n\n\n<div style=\"height:40px\" aria-hidden=\"true\" class=\"wp-block-spacer\"><\/div>\n\n\n\n<div class=\"contact-wrapper\">\n\t\t\t\t\t\t\t\t\t\t\t\t\t\t\t\t\t\t\t<div class=\"content\">\n\t\t\t\n\t\t\t  <form>\n\t\t\t   <div class=\"form-group\">\n\t\t\t    <input type=\"text\" id=\"fname\" name=\"firstname\" placeholder=\"Your name..\">\n\t\t\t<\/div>\n\t\t\t<div class=\"form-group\">\n\t\t\t    <input type=\"text\" id=\"lname\" name=\"lastname\" placeholder=\"Your last name..\">\n\t\t\t<\/div>\n\t\t\t<div class=\"form-group\">\n\t\t\t    <textarea id=\"subject\" name=\"subject\" placeholder=\"Write something..\" style=\"height:200px\"><\/textarea>\n\t\t\t<\/div>\n\t\t\t    <input type=\"submit\" value=\"Submit\">\n\t\t\t\n\t\t\t  <\/form>\n\t\t\t<\/div>\n\t\t\t<\/div>\n<\/div>\n\n\n\n<div class=\"wp-block-column is-vertically-aligned-center is-layout-flow\">\n<div class=\"wp-block-columns is-layout-flex wp-container-7\">\n<div class=\"wp-block-column is-layout-flow\"><\/div>\n\n\n\n<div class=\"wp-block-column is-layout-flow\" style=\"flex-basis:50%\">\n<h4 class=\"has-text-align-left hestia-title has-text-color wp-block-heading\" style=\"color:#3c4858;font-size:18px\"><img decoding=\"async\" class=\"wp-image-86\" style=\"width: 25px;\" src=\"https:\/\/kuzenplastik.com\/wp-content\/themes\/hestia\/assets\/img\/contact1.png\" alt=\"Map icon\">  Konum<\/h4>\n\n\n\n<p class=\"has-text-align-left has-text-color\" style=\"color:#999999;font-size:14px\">Maltepe Mahallesi \u00c7iftehavuzlar caddesi \u015eahin Demirelli Sanayi Sitesi no3\/1 Kap\u0131 No.30<br>Zeytinburnu<br>\u0130stanbul<\/p>\n\n\n\n<div style=\"height:40px\" aria-hidden=\"true\" class=\"wp-block-spacer\"><\/div>\n\n\n\n<h4 class=\"has-text-align-left hestia-title has-text-color wp-block-heading\" style=\"color:#3c4858;font-size:18px\"><img decoding=\"async\" class=\"wp-image-98\" style=\"width: 25px;\" src=\"https:\/\/kuzenplastik.com\/wp-content\/themes\/hestia\/assets\/img\/contact2.png\" alt=\"\">  <strong><strong>Bizi Aray\u0131n<\/strong><\/strong><\/h4>\n\n\n\n<p class=\"has-text-align-left has-text-color\" style=\"color:#999999;font-size:14px\"><a href=\"https:\/\/www.google.com\/search?client=safari&amp;rls=en&amp;q=kuzen+plastik&amp;ie=UTF-8&amp;oe=UTF-8#\">(0212) 501 79 25<\/a><\/p>\n\n\n\n<div style=\"height:40px\" aria-hidden=\"true\" class=\"wp-block-spacer\"><\/div>\n\n\n\n<h4 class=\"has-text-align-left hestia-title has-text-color wp-block-heading\" style=\"color:#3c4858;font-size:18px\"><img decoding=\"async\" class=\"wp-image-105\" style=\"width: 25px;\" src=\"https:\/\/kuzenplastik.com\/wp-content\/themes\/hestia\/assets\/img\/contact3.png\" alt=\"\"><strong>  <strong>Yasal Bilgiler<\/strong><\/strong><\/h4>\n\n\n\n<p class=\"has-text-align-left has-text-color\" style=\"color:#999999;font-size:14px\">Haluk KUTLU<br>info@kuzenplastik.com<\/p>\n<\/div>\n\n\n\n<div class=\"wp-block-column is-layout-flow\"><\/div>\n<\/div>\n<\/div>\n<\/div>\n\n\n\n<p><\/p>\n","protected":false},"excerpt":{"rendered":"<p>Bize bir mesaj g\u00f6nder. Konum Maltepe Mahallesi \u00c7iftehavuzlar caddesi \u015eahin Demirelli Sanayi Sitesi no3\/1 Kap\u0131 No.30Zeytinburnu\u0130stanbul Bizi Aray\u0131n (0212) 501 79 25 Yasal Bilgiler Haluk KUTLUinfo@kuzenplastik.com<\/p>\n","protected":false},"author":1,"featured_media":6,"parent":0,"menu_order":0,"comment_status":"closed","ping_status":"closed","template":"page-templates\/template-pagebuilder-full-width.php","meta":[],"_links":{"self":[{"href":"https:\/\/www.kuzenplastik.com\/index.php\/wp-json\/wp\/v2\/pages\/14"}],"collection":[{"href":"https:\/\/www.kuzenplastik.com\/index.php\/wp-json\/wp\/v2\/pages"}],"about":[{"href":"https:\/\/www.kuzenplastik.com\/index.php\/wp-json\/wp\/v2\/types\/page"}],"author":[{"embeddable":true,"href":"https:\/\/www.kuzenplastik.com\/index.php\/wp-json\/wp\/v2\/users\/1"}],"replies":[{"embeddable":true,"href":"https:\/\/www.kuzenplastik.com\/index.php\/wp-json\/wp\/v2\/comments?post=14"}],"version-history":[{"count":10,"href":"https:\/\/www.kuzenplastik.com\/index.php\/wp-json\/wp\/v2\/pages\/14\/revisions"}],"predecessor-version":[{"id":98,"href":"https:\/\/www.kuzenplastik.com\/index.php\/wp-json\/wp\/v2\/pages\/14\/revisions\/98"}],"wp:featuredmedia":[{"embeddable":true,"href":"https:\/\/www.kuzenplastik.com\/index.php\/wp-json\/wp\/v2\/media\/6"}],"wp:attachment":[{"href":"https:\/\/www.kuzenplastik.com\/index.php\/wp-json\/wp\/v2\/media?parent=14"}],"curies":[{"name":"wp","href":"https:\/\/api.w.org\/{rel}","templated":true}]}}